{"id":1659,"date":"2022-09-19T11:03:22","date_gmt":"2022-09-19T11:03:22","guid":{"rendered":"https:\/\/lasiestadelagaviota.es\/aviso-legal-2\/"},"modified":"2023-07-28T14:51:33","modified_gmt":"2023-07-28T14:51:33","slug":"normativa-interna","status":"publish","type":"page","link":"https:\/\/lasiestadelagaviota.es\/de\/normativa-interna\/","title":{"rendered":"Normativa interna"},"content":{"rendered":"\t\t<div data-elementor-type=\"wp-page\" data-elementor-id=\"1659\" class=\"elementor elementor-1659\" data-elementor-post-type=\"page\">\n\t\t\t\t<div class=\"elementor-element elementor-element-fd066c8 e-flex e-con-boxed e-con e-parent\" data-id=\"fd066c8\" data-element_type=\"container\" data-e-type=\"container\">\n\t\t\t\t\t<div class=\"e-con-inner\">\n\t\t\t\t<div class=\"elementor-element elementor-element-d7d1d22 elementor-widget elementor-widget-heading\" data-id=\"d7d1d22\" data-element_type=\"widget\" data-e-type=\"widget\" data-widget_type=\"heading.default\">\n\t\t\t\t<div class=\"elementor-widget-container\">\n\t\t\t\t\t<h2 class=\"elementor-heading-title elementor-size-default\">INTERNE VORSCHRIFTEN<\/h2>\t\t\t\t<\/div>\n\t\t\t\t<\/div>\n\t\t\t\t<div class=\"elementor-element elementor-element-2b0f523 elementor-widget-divider--view-line elementor-widget elementor-widget-divider\" data-id=\"2b0f523\" data-element_type=\"widget\" data-e-type=\"widget\" data-widget_type=\"divider.default\">\n\t\t\t\t<div class=\"elementor-widget-container\">\n\t\t\t\t\t\t\t<div class=\"elementor-divider\">\n\t\t\t<span class=\"elementor-divider-separator\">\n\t\t\t\t\t\t<\/span>\n\t\t<\/div>\n\t\t\t\t\t\t<\/div>\n\t\t\t\t<\/div>\n\t\t\t\t<div class=\"elementor-element elementor-element-0e5afa7 elementor-widget elementor-widget-text-editor\" data-id=\"0e5afa7\" data-element_type=\"widget\" data-e-type=\"widget\" data-widget_type=\"text-editor.default\">\n\t\t\t\t<div class=\"elementor-widget-container\">\n\t\t\t\t\t\t\t\t\t<p><b>1. EINGANG.<\/b>Der Kunde ist verpflichtet, sich durch ein amtliches Originaldokument auszuweisen, das seine Identit\u00e4t ausreichend belegt. Auf Verlangen hat sich der Kunde mit den ihm zur Verf\u00fcgung gestellten Mitteln als angemeldeter Gast auszuweisen.<\/p><p><b>2. STANDORT.<\/b> Die Belegung von Stellpl\u00e4tzen und Unterk\u00fcnften sowie deren \u00c4nderung kann nur mit vorheriger Genehmigung der Rezeption erfolgen. Die maximale Anzahl von Personen pro Stellplatz und Unterkunft betr\u00e4gt SECHS.<\/p><p><b>3. AUFTEILUNG DES GRUNDST\u00dcCKS.<\/b> Die Parzellen werden durch die Hecken und den Lichtkasten abgegrenzt. Befindet sich der Lichtkasten nicht auf der Parzelle, wird der Lichtkasten der n\u00e4chstgelegenen Parzelle als Referenz genommen. Im Zweifelsfall wenden Sie sich bitte an die Rezeption. Kunden, die mehr Platz als in dieser Regelung angegeben beanspruchen, m\u00fcssen die beanspruchte Fl\u00e4che r\u00e4umen.<\/p><p><b>4. VERPFLICHTUNGEN DES KUNDEN.<\/b> Der Kunde ist daf\u00fcr verantwortlich, seinen Stellplatz w\u00e4hrend seines gesamten Aufenthalts sauber zu halten. Es ist nicht erlaubt, Seile an den B\u00e4umen oder dem Lichtkasten anzubringen oder die Hecken abzudecken. Es ist nicht erlaubt, Zelte oder andere bewegliche Elemente auf den Stellpl\u00e4tzen aufzustellen.<\/p><p><strong>5. STUNDEN DER STILLE<\/strong>. Von 00:00 Uhr bis 07:00 Uhr ist Ruhe zu bewahren. W\u00e4hrend dieses Zeitraums gilt absolute Ruhe. Die \u00dcbernachtungsstelle bittet den verantwortlichen Gast, die angemeldeten Betreuer anzuweisen, sich in dieser Zeit an die Schweigepflicht zu halten.<\/p><p><strong>6. L\u00c4RM.<\/strong> Auch tags\u00fcber darf der Ger\u00e4uschpegel, der von den Kunden selbst, ihren Ger\u00e4ten und Anlagen oder ihren Haustieren erzeugt wird, keine Bel\u00e4stigung f\u00fcr die Nachbarn darstellen. Dies gilt auch f\u00fcr die Gemeinschaftsr\u00e4ume, insbesondere die Toiletten. Es liegt in der Verantwortung des \u00dcbernachtungsbereichs zu beurteilen, wann der L\u00e4rm ein angemessenes und akzeptables Niveau \u00fcberschreitet, und kann dementsprechend jede Quelle der L\u00e4rmbel\u00e4stigung verbieten.<\/p><p><strong>7. HAUSTIERE.<\/strong> Kunden mit Haustieren m\u00fcssen \u00fcber eine Haftpflichtversicherung und einen Impfausweis verf\u00fcgen und sich in dem ihnen zugewiesenen Bereich aufhalten. Das Tier muss immer an der Leine gef\u00fchrt werden und darf die Toiletten und Einrichtungen nicht betreten. Sollte das Tier seine Notdurft au\u00dferhalb der daf\u00fcr vorgesehenen Bereiche verrichten, muss der Besitzer den Kot entfernen. Das Tier darf die anderen Kunden nicht bel\u00e4stigen. Sie d\u00fcrfen unter keinen Umst\u00e4nden unbeaufsichtigt auf dem Platz gelassen werden.<\/p><p><strong>8. FAHRZEUGVERKEHR.<\/strong> Die zul\u00e4ssige H\u00f6chstgeschwindigkeit betr\u00e4gt 10km\/h. Es ist verboten, sich w\u00e4hrend der Ruhezeiten in dem Gebiet zu bewegen. Die Schranke wird von 22:00 Uhr bis 9:00 Uhr geschlossen, der Benutzer kann das Gel\u00e4nde betreten, solange die Ruhezeiten eingehalten werden. Die allgemeinen Verkehrsregeln gelten auch innerhalb des Campingplatzes. Die Benutzung von Motor- und\/oder Elektrorollern ist f\u00fcr Kinder unter 16 Jahren verboten und die Benutzung von Mini-Motorr\u00e4dern und Quads ist in jedem Fall untersagt.<\/p><p><strong>9. ABSTELLEN VON FAHRZEUGEN.<\/strong> Fahrzeuge d\u00fcrfen nur auf dem Grundst\u00fcck selbst abgestellt werden, wenn es sich um nicht zugelassene Fahrzeuge handelt, oder auf dem Au\u00dfenparkplatz. Es ist strengstens untersagt, auf der Stra\u00dfe, auf reservierten Parkpl\u00e4tzen, auf unbesetzten Parzellen oder so zu parken, dass andere Fahrzeuge behindert werden. Wenn ein Fahrzeug die Belegung eines Stellplatzes verhindert, muss der Eigent\u00fcmer des Fahrzeugs die vollen Kosten f\u00fcr eine \u00dcbernachtung auf diesem Stellplatz bezahlen, auch wenn er nicht mehr in der Lage ist, den Platz zu belegen. Der Au\u00dfenparkplatz ist ausschlie\u00dflich f\u00fcr Fahrzeuge bestimmt, die an der Rezeption angemeldet oder zugelassen sind.<\/p><p><strong>10. FAHRR\u00c4DER\/ROLLER.<\/strong> Fahrr\u00e4der, Roller und \u00e4hnliche Fahrzeuge d\u00fcrfen nicht mit einer Geschwindigkeit von mehr als 10 km\/h gefahren werden. Sie d\u00fcrfen nicht innerhalb der Einrichtungen des Gebietes benutzt werden. Um bei Dunkelheit fahren zu k\u00f6nnen, m\u00fcssen sie beleuchtet sein.<\/p><p><strong>11. FEUER.<\/strong> Das Anz\u00fcnden von offenem Feuer ist sowohl auf dem Gel\u00e4nde als auch am Strand strengstens untersagt. Nur tragbare Grills sind erlaubt, und auch nur dann, wenn sie von der Verwaltung genehmigt wurden, ansonsten darf kein Feuer entz\u00fcndet werden.<\/p><p><strong>12. BESUCHE.<\/strong> Die H\u00f6chstzahl der Personen betr\u00e4gt 6, einschlie\u00dflich der beherbergten Nutzer.<\/p><p><strong>13. MINDESTALTER.<\/strong> Kinder unter 6 Jahren m\u00fcssen im gesamten \u00dcbernachtungsgebiet immer begleitet werden, auch wenn sie in ihrer eigenen Unterkunft \u00fcbernachten.<\/p><p><strong>14. QUELLEN.<\/strong> Die Brunnen im \u00dcbernachtungsbereich liefern Trinkwasser, sie sind also ausschlie\u00dflich f\u00fcr die Wasserentnahme gedacht. Aus offensichtlichen hygienischen Gr\u00fcnden ist es nicht gestattet, diese Brunnen f\u00fcr jegliche Art von K\u00f6rperpflege zu benutzen, auch nicht zum Waschen von Kleidung, K\u00fcchenutensilien, F\u00fc\u00dfen oder Hausschuhen. Selbstverst\u00e4ndlich d\u00fcrfen auch keine chemischen Substanzen in die Brunnen gesch\u00fcttet werden.<\/p><p><strong>15. TRASH.<\/strong> Im \u00dcbernachtungsgebiet wird der M\u00fcll selektiv gesammelt. Bitte helfen Sie mit, die Umwelt zu schonen, indem Sie die daf\u00fcr vorgesehenen Beh\u00e4lter benutzen.<\/p><p><strong>16. INSTALLATION UND STROMVERSORGUNG.<\/strong> Aus Sicherheitsgr\u00fcnden m\u00fcssen die T\u00fcren von Schaltschr\u00e4nken immer geschlossen bleiben. Elektrische Leitungen m\u00fcssen geerdet und ordnungsgem\u00e4\u00df isoliert sein. Externe Anschl\u00fcsse sind nicht erlaubt. Jede Parzelle hat nur eine Steckdose. ES IST STRENGSTENS UNTERSAGT, STROM AN EINEN ANDEREN GEHOSTETEN KUNDEN ZU \u00dcBERTRAGEN.<\/p><p><b>17. B\u00c4UME UND PFLANZEN.<\/b>\u00a0Die G\u00e4ste werden gebeten, die B\u00e4ume und Pflanzen zu respektieren und nicht zuzulassen, dass jemand sie misshandelt. Es ist verboten, Dr\u00e4hte an den B\u00e4umen anzubringen oder N\u00e4gel in sie zu schlagen. Es ist auch verboten, Seile f\u00fcr Installationen jeglicher Art oder W\u00e4scheleinen anzubringen. Bitten Sie in jedem Fall das Personal um Erlaubnis.<\/p><p><b>18. AUSNAHME VON DER HAFTUNG.<\/b>\u00a0Der \u00dcbernachtungsplatz &#8211; La Siesta de la Gaviota verf\u00fcgt \u00fcber eine Haftpflichtversicherung zur Deckung von Sch\u00e4den, die sich aus der Aus\u00fcbung seiner T\u00e4tigkeit ergeben. Im Falle eines Unfalls sind alle Sch\u00e4den an Gegenst\u00e4nden oder Personen<br \/>oder Personen, die von Kunden oder Personen au\u00dferhalb des Campingplatzes verursacht werden, immer die Verantwortung der Person, die den Schaden verursacht hat. Die \u00c1rea de Pernocta &#8211; La &#8211; Siesta de la Gaviota haftet auch nicht, wenn die Ursache nicht bekannt ist, sowie bei Diebstahl oder h\u00f6herer Gewalt, wie z.B. Unwetter (Sturm, Hagel, Wind usw.) oder Feuer.<\/p><p><b>19. AUFGEGEBENES MATERIAL.<\/b> Jede Ausr\u00fcstung oder jeder Gegenstand, der nach der vereinbarten Abfahrtszeit auf einem Stellplatz oder in einer Unterkunft verbleibt, wird als verlassen betrachtet. Das Personal des Campingplatzes wird sie entfernen, ohne die Verantwortung f\u00fcr den Verlust oder die Besch\u00e4digung zu \u00fcbernehmen. Wenn die Gegenst\u00e4nde wertvoll sind, wird der Campingplatz den Kunden per E-Mail oder Telefon benachrichtigen und sie 1 Monat lang aufbewahren, danach muss der Kunde sie abholen. Andernfalls wird es ohne Verantwortung f\u00fcr das Unternehmen zerst\u00f6rt werden.<\/p><p><b>20. AVISOS.<\/b> Nachrichten f\u00fcr die Kunden (Telefon, E-Mail, Fax, Post usw.) werden an der Rezeption entgegengenommen. Nur in Ausnahmef\u00e4llen und bei \u00e4u\u00dferster Dringlichkeit wird versucht, den Kunden zu benachrichtigen. In keinem Fall kann der \u00dcbernachtungsbereich den Empfang der Nachricht durch den Kunden garantieren.<\/p><p><b>21. PARCELAS<\/b>. Der Check-in kann von 09:00 bis 21:00 Uhr erfolgen. Wenn der Stellplatz frei ist, kann er vor dieser Zeit benutzt werden, aber es muss immer eine Genehmigung des Platzpersonals vorliegen. Der zugewiesene Stellplatz muss immer besetzt sein. Bei versp\u00e4tetem Einlass oder vorzeitiger Abreise ist immer der gesamte Aufenthaltspreis zu entrichten. Der Stellplatz darf erst belegt werden, wenn Sie im Besitz des Einreisevertrags sind, in dem die Stellplatznummer angegeben ist. Es ist strengstens untersagt, die Ihnen zugewiesene Parzelle bei Ihrer Ankunft ohne vorherige Genehmigung der Rezeption zu \u00e4ndern. Wenn Sie Ihren Aufenthalt verl\u00e4ngern m\u00f6chten, m\u00fcssen Sie dies im Voraus bei der Rezeption beantragen und deren Zustimmung einholen. Der Wasseranschluss ist ausschlie\u00dflich f\u00fcr den Anschluss des Wohnmobils vorgesehen. Der Abfluss, sofern vorhanden, ist nur f\u00fcr die Entsorgung von Grauwasser (Waschen, Duschen usw.) bestimmt, das nicht auf dem Stellplatz entsorgt werden darf. Es ist strengstens verboten, ihn f\u00fcr die Entsorgung von Abwasser aus der Toilette zu verwenden.<\/p><p><b>22. ABWASSER<\/b>. Der \u00dcbernachtungsbereich ist mit speziellen Abfallbeh\u00e4ltern f\u00fcr Chemietoiletten ausgestattet. Es ist strengstens untersagt, deren Inhalt irgendwo anders zu entsorgen.<\/p><p><b>23. SPRINGBRUNNEN, SP\u00dcL- UND WASCHBECKEN<\/b>. Waschen Sie Kleidung und Geschirr nur an daf\u00fcr vorgesehenen Waschpl\u00e4tzen und nicht in Trinkwasserquellen.<\/p><p><b>24. ZIVISMUS<\/b>. Versuchen Sie, zur Sauberkeit des Gel\u00e4ndes beizutragen, indem Sie die Einrichtungen so hinterlassen, wie Sie sie vorgefunden haben. Vors\u00e4tzliche Verschmutzung oder Besch\u00e4digung der Einrichtungen des Gel\u00e4ndes oder des Eigentums anderer G\u00e4ste hat neben dem Ausschluss auch die R\u00fcckerstattung des verursachten Schadens zur Folge. Vandalismus, aggressives Verhalten, Voyeurismus und Diebstahl k\u00f6nnen neben dem Platzverweis bei den zust\u00e4ndigen Beh\u00f6rden angezeigt werden.<\/p><p><b>25. PREISE<\/b>. Die aktuellen Preise sind auf dem offiziellen Plakat angegeben. Die Preise werden pro Tag nach der Anzahl der \u00dcbernachtungen berechnet. Bei Anmeldung f\u00fcr eine \u00dcbernachtung, auch wenn Sie keinen Stellplatz belegen, ist die \u00dcbernachtung zu bezahlen.<\/p><p><b>26. BEZAHLUNG DER RECHNUNGEN<\/b>. Die Bezahlung der Rechnungen erfolgt, sofern nicht anders angegeben, bei Betreten des Gel\u00e4ndes. Der Betrag kann in bar, per Lastschrift oder Kreditkarte bezahlt werden. Die \u00d6ffnungszeiten der Rezeption sind von 9:00 Uhr bis 21:00 Uhr. Dieser Zeitplan kann vom Unternehmen je nach Bedarf jederzeit ge\u00e4ndert werden. Bitte vergewissern Sie sich \u00fcber den aktuellen Zeitplan, bevor Sie eine Vereinbarung treffen.<\/p><p><b>27. EXIT<\/b>. Der Stellplatz muss immer vor 12 Uhr mittags ger\u00e4umt werden. Der Kunde muss sie in demselben Zustand verlassen, in dem er sie bezogen hat. Wenn Sie den Platz nach 12 Uhr verlassen wollen, m\u00fcssen Sie dies an der Rezeption mitteilen. Diejenigen, die den Campingplatz w\u00e4hrend der Ruhezeiten (0.00-7.00 Uhr) verlassen wollen, m\u00fcssen ihr Fahrzeug vor Mitternacht des Vortages auf dem Parkplatz der Rezeption abstellen.<\/p><p><b>28. RAUCHFREIER RAUM<\/b>. Gem\u00e4\u00df den staatlichen Vorschriften (Gesetz 42\/2010) ist es verboten<br \/>das Rauchen in allen \u00fcberdachten Einrichtungen des \u00dcbernachtungsbereichs. Ebenso m\u00fcssen aus aktuellen gesundheitlichen Gr\u00fcnden die von der zust\u00e4ndigen Beh\u00f6rde festgelegten Abst\u00e4nde bzw. Verbote eingehalten werden.<\/p><p><b>29. RECHTLICHER HINWEIS<\/b>. \u00c1rea de Pernocta &#8211; La Siesta de la Gaviota informiert Sie dar\u00fcber, dass die personenbezogenen Daten, die Sie uns zur Verf\u00fcgung gestellt haben, um Ihren Aufenthalt auf dem Gel\u00e4nde zu erm\u00f6glichen, in \u00dcbereinstimmung mit der Verordnung (EU) 2016\/679 des Europ\u00e4ischen Parlaments und dem Organgesetz 3\/2018 vom 5. Dezember \u00fcber den Schutz personenbezogener Daten und GDD verarbeitet werden. Sie k\u00f6nnen sich \u00fcber Ihre Rechte informieren, indem Sie unsere Datenschutzbestimmungen einsehen, die online und an der Rezeption erh\u00e4ltlich sind.<\/p><p><b>30. ANWENDUNG<\/b>: Dieses Reglement und die in den verschiedenen Einrichtungen ausgeh\u00e4ngten Bestimmungen sind verbindlich. Sie verlieren ihre G\u00fcltigkeit, wenn eine neuere Ausgabe auf der Website oder am offiziellen Anschlagbrett ver\u00f6ffentlicht wird. Die \u00dcbernachtungsstelle beh\u00e4lt sich das Recht vor, in Ausnahmef\u00e4llen Abweichungen von den ver\u00f6ffentlichten Bestimmungen zu genehmigen, ohne dass dies als Pr\u00e4zedenzfall f\u00fcr andere F\u00e4lle gilt. Unter keinen Umst\u00e4nden d\u00fcrfen die Bestimmungen der geltenden Gesetzgebung oder die Rechte, die die Kunden daraus ableiten, ge\u00e4ndert werden.<\/p>\t\t\t\t\t\t\t\t<\/div>\n\t\t\t\t<\/div>\n\t\t\t\t\t<\/div>\n\t\t\t\t<\/div>\n\t\t\t\t<\/div>\n\t\t","protected":false},"excerpt":{"rendered":"<p>INTERNE VORSCHRIFTEN 1. EINGANG.Der Kunde ist verpflichtet, sich durch ein amtliches Originaldokument auszuweisen, das seine Identit\u00e4t ausreichend belegt. Auf Verlangen hat sich der Kunde mit den ihm zur Verf\u00fcgung gestellten Mitteln als angemeldeter Gast auszuweisen. 2. STANDORT. Die Belegung von Stellpl\u00e4tzen und Unterk\u00fcnften sowie deren \u00c4nderung kann nur mit vorheriger Genehmigung der Rezeption erfolgen. Die [&hellip;]<\/p>\n","protected":false},"author":1,"featured_media":0,"parent":0,"menu_order":0,"comment_status":"closed","ping_status":"closed","template":"elementor_header_footer","meta":{"footnotes":""},"class_list":["post-1659","page","type-page","status-publish","hentry"],"yoast_head":"<!-- This site is optimized with the Yoast SEO plugin v27.3 - https:\/\/yoast.com\/product\/yoast-seo-wordpress\/ -->\n<title>Normativa interna - Deutch La Siesta de La Gaviota<\/title>\n<meta name=\"robots\" content=\"noindex, nofollow\" \/>\n<meta property=\"og:locale\" content=\"es_ES\" \/>\n<meta property=\"og:type\" content=\"article\" \/>\n<meta property=\"og:title\" content=\"Normativa interna - Deutch La Siesta de La Gaviota\" \/>\n<meta property=\"og:description\" content=\"INTERNE VORSCHRIFTEN 1. EINGANG.Der Kunde ist verpflichtet, sich durch ein amtliches Originaldokument auszuweisen, das seine Identit\u00e4t ausreichend belegt. Auf Verlangen hat sich der Kunde mit den ihm zur Verf\u00fcgung gestellten Mitteln als angemeldeter Gast auszuweisen. 2. STANDORT. Die Belegung von Stellpl\u00e4tzen und Unterk\u00fcnften sowie deren \u00c4nderung kann nur mit vorheriger Genehmigung der Rezeption erfolgen. Die [&hellip;]\" \/>\n<meta property=\"og:url\" content=\"https:\/\/lasiestadelagaviota.es\/de\/normativa-interna\/\" \/>\n<meta property=\"og:site_name\" content=\"Deutch La Siesta de La Gaviota\" \/>\n<meta property=\"article:modified_time\" content=\"2023-07-28T14:51:33+00:00\" \/>\n<meta name=\"twitter:card\" content=\"summary_large_image\" \/>\n<meta name=\"twitter:label1\" content=\"Tiempo de lectura\" \/>\n\t<meta name=\"twitter:data1\" content=\"8 minutos\" \/>\n<script type=\"application\/ld+json\" class=\"yoast-schema-graph\">{\"@context\":\"https:\\\/\\\/schema.org\",\"@graph\":[{\"@type\":\"WebPage\",\"@id\":\"https:\\\/\\\/lasiestadelagaviota.es\\\/de\\\/normativa-interna\\\/\",\"url\":\"https:\\\/\\\/lasiestadelagaviota.es\\\/de\\\/normativa-interna\\\/\",\"name\":\"Normativa interna - Deutch La Siesta de La Gaviota\",\"isPartOf\":{\"@id\":\"https:\\\/\\\/lasiestadelagaviota.es\\\/de\\\/#website\"},\"datePublished\":\"2022-09-19T11:03:22+00:00\",\"dateModified\":\"2023-07-28T14:51:33+00:00\",\"breadcrumb\":{\"@id\":\"https:\\\/\\\/lasiestadelagaviota.es\\\/de\\\/normativa-interna\\\/#breadcrumb\"},\"inLanguage\":\"es\",\"potentialAction\":[{\"@type\":\"ReadAction\",\"target\":[\"https:\\\/\\\/lasiestadelagaviota.es\\\/de\\\/normativa-interna\\\/\"]}]},{\"@type\":\"BreadcrumbList\",\"@id\":\"https:\\\/\\\/lasiestadelagaviota.es\\\/de\\\/normativa-interna\\\/#breadcrumb\",\"itemListElement\":[{\"@type\":\"ListItem\",\"position\":1,\"name\":\"Portada\",\"item\":\"https:\\\/\\\/lasiestadelagaviota.es\\\/de\\\/\"},{\"@type\":\"ListItem\",\"position\":2,\"name\":\"Normativa interna\"}]},{\"@type\":\"WebSite\",\"@id\":\"https:\\\/\\\/lasiestadelagaviota.es\\\/de\\\/#website\",\"url\":\"https:\\\/\\\/lasiestadelagaviota.es\\\/de\\\/\",\"name\":\"Deutch La Siesta de La Gaviota\",\"description\":\"Complejo de Autocaravanas y Campers en Chipiona, C\u00e1diz\",\"publisher\":{\"@id\":\"https:\\\/\\\/lasiestadelagaviota.es\\\/de\\\/#organization\"},\"potentialAction\":[{\"@type\":\"SearchAction\",\"target\":{\"@type\":\"EntryPoint\",\"urlTemplate\":\"https:\\\/\\\/lasiestadelagaviota.es\\\/de\\\/?s={search_term_string}\"},\"query-input\":{\"@type\":\"PropertyValueSpecification\",\"valueRequired\":true,\"valueName\":\"search_term_string\"}}],\"inLanguage\":\"es\"},{\"@type\":\"Organization\",\"@id\":\"https:\\\/\\\/lasiestadelagaviota.es\\\/de\\\/#organization\",\"name\":\"Deutch La Siesta de La Gaviota\",\"url\":\"https:\\\/\\\/lasiestadelagaviota.es\\\/de\\\/\",\"logo\":{\"@type\":\"ImageObject\",\"inLanguage\":\"es\",\"@id\":\"https:\\\/\\\/lasiestadelagaviota.es\\\/de\\\/#\\\/schema\\\/logo\\\/image\\\/\",\"url\":\"https:\\\/\\\/lasiestadelagaviota.es\\\/de\\\/wp-content\\\/uploads\\\/sites\\\/3\\\/SG_logo-horizontal.webp\",\"contentUrl\":\"https:\\\/\\\/lasiestadelagaviota.es\\\/de\\\/wp-content\\\/uploads\\\/sites\\\/3\\\/SG_logo-horizontal.webp\",\"width\":400,\"height\":176,\"caption\":\"Deutch La Siesta de La Gaviota\"},\"image\":{\"@id\":\"https:\\\/\\\/lasiestadelagaviota.es\\\/de\\\/#\\\/schema\\\/logo\\\/image\\\/\"}}]}<\/script>\n<!-- \/ Yoast SEO plugin. -->","yoast_head_json":{"title":"Normativa interna - Deutch La Siesta de La Gaviota","robots":{"index":"noindex","follow":"nofollow"},"og_locale":"es_ES","og_type":"article","og_title":"Normativa interna - Deutch La Siesta de La Gaviota","og_description":"INTERNE VORSCHRIFTEN 1. EINGANG.Der Kunde ist verpflichtet, sich durch ein amtliches Originaldokument auszuweisen, das seine Identit\u00e4t ausreichend belegt. Auf Verlangen hat sich der Kunde mit den ihm zur Verf\u00fcgung gestellten Mitteln als angemeldeter Gast auszuweisen. 2. STANDORT. Die Belegung von Stellpl\u00e4tzen und Unterk\u00fcnften sowie deren \u00c4nderung kann nur mit vorheriger Genehmigung der Rezeption erfolgen. Die [&hellip;]","og_url":"https:\/\/lasiestadelagaviota.es\/de\/normativa-interna\/","og_site_name":"Deutch La Siesta de La Gaviota","article_modified_time":"2023-07-28T14:51:33+00:00","twitter_card":"summary_large_image","twitter_misc":{"Tiempo de lectura":"8 minutos"},"schema":{"@context":"https:\/\/schema.org","@graph":[{"@type":"WebPage","@id":"https:\/\/lasiestadelagaviota.es\/de\/normativa-interna\/","url":"https:\/\/lasiestadelagaviota.es\/de\/normativa-interna\/","name":"Normativa interna - Deutch La Siesta de La Gaviota","isPartOf":{"@id":"https:\/\/lasiestadelagaviota.es\/de\/#website"},"datePublished":"2022-09-19T11:03:22+00:00","dateModified":"2023-07-28T14:51:33+00:00","breadcrumb":{"@id":"https:\/\/lasiestadelagaviota.es\/de\/normativa-interna\/#breadcrumb"},"inLanguage":"es","potentialAction":[{"@type":"ReadAction","target":["https:\/\/lasiestadelagaviota.es\/de\/normativa-interna\/"]}]},{"@type":"BreadcrumbList","@id":"https:\/\/lasiestadelagaviota.es\/de\/normativa-interna\/#breadcrumb","itemListElement":[{"@type":"ListItem","position":1,"name":"Portada","item":"https:\/\/lasiestadelagaviota.es\/de\/"},{"@type":"ListItem","position":2,"name":"Normativa interna"}]},{"@type":"WebSite","@id":"https:\/\/lasiestadelagaviota.es\/de\/#website","url":"https:\/\/lasiestadelagaviota.es\/de\/","name":"Deutch La Siesta de La Gaviota","description":"Complejo de Autocaravanas y Campers en Chipiona, C\u00e1diz","publisher":{"@id":"https:\/\/lasiestadelagaviota.es\/de\/#organization"},"potentialAction":[{"@type":"SearchAction","target":{"@type":"EntryPoint","urlTemplate":"https:\/\/lasiestadelagaviota.es\/de\/?s={search_term_string}"},"query-input":{"@type":"PropertyValueSpecification","valueRequired":true,"valueName":"search_term_string"}}],"inLanguage":"es"},{"@type":"Organization","@id":"https:\/\/lasiestadelagaviota.es\/de\/#organization","name":"Deutch La Siesta de La Gaviota","url":"https:\/\/lasiestadelagaviota.es\/de\/","logo":{"@type":"ImageObject","inLanguage":"es","@id":"https:\/\/lasiestadelagaviota.es\/de\/#\/schema\/logo\/image\/","url":"https:\/\/lasiestadelagaviota.es\/de\/wp-content\/uploads\/sites\/3\/SG_logo-horizontal.webp","contentUrl":"https:\/\/lasiestadelagaviota.es\/de\/wp-content\/uploads\/sites\/3\/SG_logo-horizontal.webp","width":400,"height":176,"caption":"Deutch La Siesta de La Gaviota"},"image":{"@id":"https:\/\/lasiestadelagaviota.es\/de\/#\/schema\/logo\/image\/"}}]}},"_links":{"self":[{"href":"https:\/\/lasiestadelagaviota.es\/de\/wp-json\/wp\/v2\/pages\/1659","targetHints":{"allow":["GET"]}}],"collection":[{"href":"https:\/\/lasiestadelagaviota.es\/de\/wp-json\/wp\/v2\/pages"}],"about":[{"href":"https:\/\/lasiestadelagaviota.es\/de\/wp-json\/wp\/v2\/types\/page"}],"author":[{"embeddable":true,"href":"https:\/\/lasiestadelagaviota.es\/de\/wp-json\/wp\/v2\/users\/1"}],"replies":[{"embeddable":true,"href":"https:\/\/lasiestadelagaviota.es\/de\/wp-json\/wp\/v2\/comments?post=1659"}],"version-history":[{"count":18,"href":"https:\/\/lasiestadelagaviota.es\/de\/wp-json\/wp\/v2\/pages\/1659\/revisions"}],"predecessor-version":[{"id":3161,"href":"https:\/\/lasiestadelagaviota.es\/de\/wp-json\/wp\/v2\/pages\/1659\/revisions\/3161"}],"wp:attachment":[{"href":"https:\/\/lasiestadelagaviota.es\/de\/wp-json\/wp\/v2\/media?parent=1659"}],"curies":[{"name":"wp","href":"https:\/\/api.w.org\/{rel}","templated":true}]}}